{"id":57,"date":"2011-05-10T21:46:23","date_gmt":"2011-05-10T21:46:23","guid":{"rendered":"http:\/\/hof-sonnenrain.de\/?page_id=57"},"modified":"2011-05-10T21:47:53","modified_gmt":"2011-05-10T21:47:53","slug":"kontakt","status":"publish","type":"page","link":"https:\/\/hof-sonnenrain.de\/?page_id=57","title":{"rendered":"Kontakt"},"content":{"rendered":"<p>So finden Sie\u00a0unseren Hof Sonnenrain:<\/p>\n<p>Ulrike Rei\u00dfer<br \/>\nHorber Str. 142<br \/>\n72221 Haiterbach<\/p>\n<p>Telefon: 0172-170 8899<br \/>\nE-Mail: <a href=\"mailto:Ulrike_Reisser@pferde-menschen.de\">Ulrike_Reisser@pferde-menschen.de<\/a><\/p>\n<p><iframe loading=\"lazy\" width=\"425\" height=\"350\" frameborder=\"0\" scrolling=\"no\" marginheight=\"0\" marginwidth=\"0\" src=\"http:\/\/maps.google.de\/maps?q=48.517301,8.647807&amp;num=1&amp;sll=48.517287,8.647871&amp;sspn=0.007306,0.02341&amp;ie=UTF8&amp;ll=48.517287,8.647871&amp;spn=0.019899,0.036478&amp;z=14&amp;output=embed\"><\/iframe><br \/><small><a href=\"http:\/\/maps.google.de\/maps?q=48.517301,8.647807&amp;num=1&amp;sll=48.517287,8.647871&amp;sspn=0.007306,0.02341&amp;ie=UTF8&amp;ll=48.517287,8.647871&amp;spn=0.019899,0.036478&amp;z=14&amp;source=embed\" style=\"color:#0000FF;text-align:left\">Gr\u00f6\u00dfere Kartenansicht<\/a><\/small><\/p>\n","protected":false},"excerpt":{"rendered":"<p>So finden Sie\u00a0unseren Hof Sonnenrain: Ulrike Rei\u00dfer Horber Str. 142 72221 Haiterbach Telefon: 0172-170 8899 E-Mail: Ulrike_Reisser@pferde-menschen.de Gr\u00f6\u00dfere Kartenansicht<\/p>\n","protected":false},"author":1,"featured_media":0,"parent":0,"menu_order":7,"comment_status":"open","ping_status":"open","template":"onecolumn-page.php","meta":{"footnotes":""},"class_list":["post-57","page","type-page","status-publish","hentry"],"_links":{"self":[{"href":"https:\/\/hof-sonnenrain.de\/index.php?rest_route=\/wp\/v2\/pages\/57","targetHints":{"allow":["GET"]}}],"collection":[{"href":"https:\/\/hof-sonnenrain.de\/index.php?rest_route=\/wp\/v2\/pages"}],"about":[{"href":"https:\/\/hof-sonnenrain.de\/index.php?rest_route=\/wp\/v2\/types\/page"}],"author":[{"embeddable":true,"href":"https:\/\/hof-sonnenrain.de\/index.php?rest_route=\/wp\/v2\/users\/1"}],"replies":[{"embeddable":true,"href":"https:\/\/hof-sonnenrain.de\/index.php?rest_route=%2Fwp%2Fv2%2Fcomments&post=57"}],"version-history":[{"count":4,"href":"https:\/\/hof-sonnenrain.de\/index.php?rest_route=\/wp\/v2\/pages\/57\/revisions"}],"predecessor-version":[{"id":61,"href":"https:\/\/hof-sonnenrain.de\/index.php?rest_route=\/wp\/v2\/pages\/57\/revisions\/61"}],"wp:attachment":[{"href":"https:\/\/hof-sonnenrain.de\/index.php?rest_route=%2Fwp%2Fv2%2Fmedia&parent=57"}],"curies":[{"name":"wp","href":"https:\/\/api.w.org\/{rel}","templated":true}]}}